{"id":5856,"date":"2024-01-17T23:20:21","date_gmt":"2024-01-17T21:20:21","guid":{"rendered":"https:\/\/vooglaid.org\/avaleht_\/"},"modified":"2024-02-03T00:32:08","modified_gmt":"2024-02-02T22:32:08","slug":"home","status":"publish","type":"page","link":"https:\/\/vooglaid.org\/en\/","title":{"rendered":"Home"},"content":{"rendered":"\t\t<div data-elementor-type=\"wp-post\" data-elementor-id=\"5856\" class=\"elementor elementor-5856 elementor-5586\">\n\t\t\t\t<div class=\"elementor-element elementor-element-b0d5d76 e-con-full e-flex e-con e-parent\" data-id=\"b0d5d76\" data-element_type=\"container\">\n\t\t<div class=\"elementor-element elementor-element-0ed01c3 e-con-full e-flex e-con e-child\" data-id=\"0ed01c3\" data-element_type=\"container\" data-settings=\"{&quot;background_background&quot;:&quot;classic&quot;}\">\n\t\t\t\t<div class=\"elementor-element elementor-element-06ec54d elementor-widget elementor-widget-heading\" data-id=\"06ec54d\" data-element_type=\"widget\" data-widget_type=\"heading.default\">\n\t\t\t\t<div class=\"elementor-widget-container\">\n\t\t\t\t\t<h2 class=\"elementor-heading-title elementor-size-default\">\u00dclo Vooglaid<\/h2>\t\t\t\t<\/div>\n\t\t\t\t<\/div>\n\t\t\t\t<div class=\"elementor-element elementor-element-a7dfba2 elementor-widget__width-initial elementor-widget elementor-widget-text-editor\" data-id=\"a7dfba2\" data-element_type=\"widget\" data-widget_type=\"text-editor.default\">\n\t\t\t\t<div class=\"elementor-widget-container\">\n\t\t\t\t\t\t\t\t\tProfessor Emeritus \u00dclo Vooglaid\nEstonian sociologist and promoter of public education\t\t\t\t\t\t\t\t<\/div>\n\t\t\t\t<\/div>\n\t\t\t\t<\/div>\n\t\t<div class=\"elementor-element elementor-element-7589d19 e-con-full e-flex e-con e-child\" data-id=\"7589d19\" data-element_type=\"container\" data-settings=\"{&quot;background_background&quot;:&quot;classic&quot;}\">\n\t\t\t\t<div class=\"elementor-element elementor-element-2681c4a elementor-widget elementor-widget-image\" data-id=\"2681c4a\" data-element_type=\"widget\" data-widget_type=\"image.default\">\n\t\t\t\t<div class=\"elementor-widget-container\">\n\t\t\t\t\t\t\t\t\t\t\t\t\t\t\t<img fetchpriority=\"high\" decoding=\"async\" width=\"1682\" height=\"1262\" src=\"https:\/\/www.vooglaid.org\/wp-content\/uploads\/2022\/10\/\u00dcloVooglaidBW.jpg\" class=\"attachment-full size-full wp-image-3869\" alt=\"\" srcset=\"https:\/\/www.vooglaid.org\/wp-content\/uploads\/2022\/10\/\u00dcloVooglaidBW.jpg 1682w, https:\/\/www.vooglaid.org\/wp-content\/uploads\/2022\/10\/\u00dcloVooglaidBW-600x450.jpg 600w, https:\/\/www.vooglaid.org\/wp-content\/uploads\/2022\/10\/\u00dcloVooglaidBW-300x225.jpg 300w, https:\/\/www.vooglaid.org\/wp-content\/uploads\/2022\/10\/\u00dcloVooglaidBW-768x576.jpg 768w, https:\/\/www.vooglaid.org\/wp-content\/uploads\/2022\/10\/\u00dcloVooglaidBW-1024x768.jpg 1024w\" sizes=\"(max-width: 1682px) 100vw, 1682px\" \/>\t\t\t\t\t\t\t\t\t\t\t\t\t\t\t<\/div>\n\t\t\t\t<\/div>\n\t\t\t\t<\/div>\n\t\t\t\t<\/div>\n\t\t<div class=\"elementor-element elementor-element-01760df e-flex e-con-boxed e-con e-parent\" data-id=\"01760df\" data-element_type=\"container\" data-settings=\"{&quot;background_background&quot;:&quot;classic&quot;}\">\n\t\t\t\t\t<div class=\"e-con-inner\">\n\t\t\t\t<div class=\"elementor-element elementor-element-0fd4d7d elementor-widget elementor-widget-heading\" data-id=\"0fd4d7d\" data-element_type=\"widget\" data-widget_type=\"heading.default\">\n\t\t\t\t<div class=\"elementor-widget-container\">\n\t\t\t\t\t<h2 class=\"elementor-heading-title elementor-size-default\">\u00dclo Vooglaid's Legacy of Thought Foundation<\/h2>\t\t\t\t<\/div>\n\t\t\t\t<\/div>\n\t\t\t\t<div class=\"elementor-element elementor-element-1fa9571 elementor-widget__width-initial elementor-widget elementor-widget-text-editor\" data-id=\"1fa9571\" data-element_type=\"widget\" data-widget_type=\"text-editor.default\">\n\t\t\t\t<div class=\"elementor-widget-container\">\n\t\t\t\t\t\t\t\t\tThe aim of the Foundation is to collect, preserve, research, publish and disseminate the work of Professor Emeritus \u00dclo Vooglaid. The Foundation may support researchers, students and practitioners working in the same fields and research directions.\t\t\t\t\t\t\t\t<\/div>\n\t\t\t\t<\/div>\n\t\t\t\t\t<\/div>\n\t\t\t\t<\/div>\n\t\t\t\t<\/div>\n\t\t","protected":false},"excerpt":{"rendered":"<p>\u00dclo Vooglaid Professor Emeritus \u00dclo Vooglaid Estonian sociologist and promoter of public education \u00dclo Vooglaid&#8217;s Legacy of Thought Foundation The aim of the Foundation is to collect, preserve, research, publish and disseminate the work of Professor Emeritus \u00dclo Vooglaid. The Foundation may support researchers, students and practitioners working in the same fields and research directions.<\/p>\n","protected":false},"author":11,"featured_media":0,"parent":0,"menu_order":0,"comment_status":"closed","ping_status":"closed","template":"elementor_header_footer","meta":{"footnotes":""},"class_list":["post-5856","page","type-page","status-publish","hentry"],"_links":{"self":[{"href":"https:\/\/vooglaid.org\/en\/wp-json\/wp\/v2\/pages\/5856","targetHints":{"allow":["GET"]}}],"collection":[{"href":"https:\/\/vooglaid.org\/en\/wp-json\/wp\/v2\/pages"}],"about":[{"href":"https:\/\/vooglaid.org\/en\/wp-json\/wp\/v2\/types\/page"}],"author":[{"embeddable":true,"href":"https:\/\/vooglaid.org\/en\/wp-json\/wp\/v2\/users\/11"}],"replies":[{"embeddable":true,"href":"https:\/\/vooglaid.org\/en\/wp-json\/wp\/v2\/comments?post=5856"}],"version-history":[{"count":5,"href":"https:\/\/vooglaid.org\/en\/wp-json\/wp\/v2\/pages\/5856\/revisions"}],"predecessor-version":[{"id":6038,"href":"https:\/\/vooglaid.org\/en\/wp-json\/wp\/v2\/pages\/5856\/revisions\/6038"}],"wp:attachment":[{"href":"https:\/\/vooglaid.org\/en\/wp-json\/wp\/v2\/media?parent=5856"}],"curies":[{"name":"wp","href":"https:\/\/api.w.org\/{rel}","templated":true}]}}