{"id":5872,"date":"2024-01-18T00:08:59","date_gmt":"2024-01-17T22:08:59","guid":{"rendered":"https:\/\/vooglaid.org\/biograafia-ulo-vooglaid\/"},"modified":"2024-02-08T00:11:23","modified_gmt":"2024-02-07T22:11:23","slug":"biography","status":"publish","type":"page","link":"https:\/\/vooglaid.org\/en\/biography\/","title":{"rendered":"Biography"},"content":{"rendered":"\t\t<div data-elementor-type=\"wp-page\" data-elementor-id=\"5872\" class=\"elementor elementor-5872 elementor-5624\">\n\t\t\t\t<div class=\"elementor-element elementor-element-92f6166 e-flex e-con-boxed e-con e-parent\" data-id=\"92f6166\" data-element_type=\"container\">\n\t\t\t\t\t<div class=\"e-con-inner\">\n\t\t<div class=\"elementor-element elementor-element-3e58328 e-con-full e-flex e-con e-child\" data-id=\"3e58328\" data-element_type=\"container\">\n\t\t\t\t<div class=\"elementor-element elementor-element-69a6d9e elementor-widget elementor-widget-heading\" data-id=\"69a6d9e\" data-element_type=\"widget\" data-widget_type=\"heading.default\">\n\t\t\t\t<div class=\"elementor-widget-container\">\n\t\t\t\t\t<h2 class=\"elementor-heading-title elementor-size-default\">\u00dclo Vooglaid <\/h2>\t\t\t\t<\/div>\n\t\t\t\t<\/div>\n\t\t\t\t<div class=\"elementor-element elementor-element-a71a748 elementor-widget elementor-widget-heading\" data-id=\"a71a748\" data-element_type=\"widget\" data-widget_type=\"heading.default\">\n\t\t\t\t<div class=\"elementor-widget-container\">\n\t\t\t\t\t<h4 class=\"elementor-heading-title elementor-size-default\">PROFESSOR EMERITUS\n<\/h4>\t\t\t\t<\/div>\n\t\t\t\t<\/div>\n\t\t\t\t<div class=\"elementor-element elementor-element-8b92bf3 elementor-widget elementor-widget-text-editor\" data-id=\"8b92bf3\" data-element_type=\"widget\" data-widget_type=\"text-editor.default\">\n\t\t\t\t<div class=\"elementor-widget-container\">\n\t\t\t\t\t\t\t\t\t<p>\u00dclo Vooglaid was born in Tallinn on August 29, 1935.<\/p><p>In 1949-1953, he studied pedagogy at the Haapsalu Pedagogical School (Haapsalu Teachers\u2019 Seminar 1945-1950), from where he was sent to work as a teacher in an orphanage in Tilsi.<\/p><p>In 1954-1960, \u00dclo Vooglaid studied at Tartu State University (TSU), where he graduated from the Law Department. The future picture of Vooglaid\u2019s world began to be formulated in the university teaching environment, where his views were influenced by Yuri Lotman, head of the Department of Russian Literature; Mikhail Makarov, head of the Department of Philosophy; Professor Rem Blum; Heino Liimets, head of the Department of Pedagogy, journalism lecturer Juhan Peegel; and Mikhail Bronstein, head of the Department of Political Economy. Teaching at TSU in those years differed in many respects from the usual Soviet norm. Thus, political economy at the university was essentially a social science, with the unwritten slogan of \u201cStudents should interpret reality in the way that it really is. Ideology should be known, but it should not be a hindrance to interpreting reality.\u201d<\/p><p>A most memorable statement, which \u00dclo Vooglaid likes to repeat to his students to this day, was once made by Konstantin Ramul, a professor in the TSU Department of Psychology, \u201cThe stupidity of a student can be limitless and endless. But this should not irritate the teacher! The teacher should not stoop to the student\u2019s level. The student\u2019s task is to rise to the level of the teacher and get around him!\u201d<\/p><p>In 1963-1965, \u00dclo Vooglaid was a journalist for the newspaper Edasi (Forward). Thanks to \u00dclo and his colleagues, Edasi became the largest regional and city newspaper in Estonia (today it is Postimees); the texts it published differed from the norms of that time in their courage, creativity, and way of thinking. For the hard-core Soviet times, this was very bold, and the achievement was outstanding.<\/p><p>In 1970, \u00dclo Vooglaid defended his dissertation in philosophy (today it corresponds to a Ph.D.). The defense was held before the Council of the Institute of Social Research of the USSR, the dissertation title was \u201cExperience of studying the sociological and socio-psychological structure of readers of city and district newspapers.\u201d The conclusion made from monitoring the readership was original and extremely thorough at that time. After defending his thesis, Vooglaid became one of the leading researchers of mass communications in the USSR.<\/p><p>In 1965-1975, he was a teacher at TSU, as well as the founder and scientific director of the TSU Sociology Laboratory. Under the conditions of the USSR, the laboratory was an exceptional entity that supported itself independently. \u00dclo Vooglaid was the first in Estonia and one of the first in the USSR to start sociological research in three areas:<\/p><ul><li>\u2022 Job satisfaction and exploration of the work-supporting environment;<\/li><li>\u2022 Studying the patterns for disseminating information presented to the readership in newspapers and other mass media;<\/li><li>\u2022 Studying way of life, lifestyle, and structure of consumption.<\/li><\/ul><p>Over the past few years, the Sociology Laboratory has become famous for its research and activities, a general attitude and way of thinking shared by many intellectuals, including journalists and economists, as well as some government officials.<\/p><p>In 1975, \u00dclo Vooglaid was dismissed from TSU and expelled from the Communist Party of the Soviet Unio (CPSU). The laboratory was closed, and its employees scattered all over Estonia. However, it became clear that it is almost impossible to keep such a multitude of free thinkers under control.<\/p><p>In 1975-1977, under the leadership of J\u00fcri Kraft at the Center for Scientific Organization of Labor and Management of the Ministry of Light Industry of the Estonian SSR, \u00dclo Vooglaid participated in creating a curriculum aimed at improving the professional skills of light industry managers. The first systematic management training was hidden under this clumsy name, and people came to see it firsthand from all over, including from the United States. Later, this organization was called \u201cMainor.\u201d The core of the People\u00b4s Front (Rahvarinne in Estonian) gathered there \u2013 Edgar Savisaar, Jaak Tamm, Hardo Aasm\u00e4e, Liina T\u00f5nisson, Jaak Leimann, and others.<\/p><p>In 1977-1986, \u00dclo Vooglaid taught and conducted research at the Intersectoral Institute for Advanced Training of Managers and Specialists of the National Economy of the Estonian SSR. Almost all senior and mid-level managers of economic enterprises in Estonia at that time passed through this institute as trainees, and a system of professional development in occupational training was created.<\/p><p>The intellectual level achieved by the business leaders was one of the cornerstones in the history of events that culminated in the restoration of Estonia\u2019s independence in 1991.<br \/>In 1986-1989, during the years of the Singing Revolution, \u00dclo Vooglaid participated in the creation and was the head of the Pirgu Development Center. The institution\u2019s main task was to develop scenarios for improving horizontal and vertical regulation and self-regulation of Estonia. The overarching task was: \u201cAwaken the consciousness of the people.\u201d<br \/>In 1989, \u00dclo Vooglaid was elected a delegate to the Congress of People\u2019s Deputies of the USSR and eventually became a member of the Supreme Soviet of the USSR. At the same time, he was head of the Research Center of the Central Council of Trade Unions of the Estonian SSR (1989-1991).<\/p><p>\u00dclo Vooglaid was one of the people who entered into negotiations with the President of the USSR Mikhail Gorbachev over the Estonian SSR\u2019s withdrawal from the Soviet Union. He was among the ones who explained the systemic errors and substantiated the inevitability of the collapse of the USSR in conversations with President Mikhail Gorbachev.<\/p><p>In 1991, \u00dclo Vooglaid was Advisor to the Chairman of the Presidium of the Supreme Soviet of the Estonian Republic Arnold R\u00fc\u00fctel, then he was the head of the Science Department of the Government of the Estonian SSR, head of the Government Department of AntiPropaganda, as well as a member of the Constitutional Assembly and the Congress of Estonia.<\/p><p>\u00dclo Vooglaid was a member of the Parliament of the Republic of Estonia (Riigikogu) of the VII, VIII, and X convocations. In 2004, as the oldest member of parliament, he voluntarily renounced the mandate with the words, \u201cThe cup of my patience is overflowing, because all my recommendations are broken against the wall of incomprehension.\u201d<\/p><p>Since 1996, \u00dclo Vooglaid has been a professor at the University of Tartu Law Institute (now the University of Tartu Tallinn Branch of the Department of Law), and since 2000 he is professor emeritus at the University of Tartu. His research topics included social communication; theory of organization and management; social management and self-regulation mechanisms; theory and practice of innovation, scientific methodology, and adult education; and theory and philosophy of education.<\/p><p>He has also served as Chairman of the National Library Board and Chairman of the National Library Scientific Board; member of the Peoples Front organizing committee and political commission. He was co-founder and board member of the ANDRAS Society of Adult Education Teachers and the Arno Tali Foundation for Rural Youth Development Trust; co-founder of the Estonian Open Foundation, the Estonian European Movement, and the Toompea Educational Seminary; co-founder, President, and Vice President of the Estonian Club of Rome; Honorary member of the Estonian Society for Nature Conservation, the Estonian Association of Management Consultants, the Council of Islands, and the Estonian Union of Journalists; founder and Chairman of the Council of the \u00dclo Vooglaid Inheritage Trust.<\/p><p>Since leaving Parliament, \u00dclo Vooglaid has focused on science and active social actions in Estonia and abroad. In particular, he prepared a number of articles as a co-author of Think Camp, a chamber of thinkers and leaders founded in Ukraine, and made several speeches to prominent Ukrainian economic, political, and cultural figures. The Ukrainian intelligentsia, concerned about the future of their state, has repeatedly invited him to hold seminars on training generalists, improving the education system, the theory of innovation, etc.<\/p><p>People who are personally acquainted with \u00dclo know him as having a sharp mind and open to communication; as a bright, unforgettable personality. \u00dclo likes to spend time on his farm in Raplamaa, near Kohila in Loone. The farm has a blacksmith shop, a carpenter\u2019s shop, a stable, a chicken coop, a sheepfold, an apple and plum orchard, a quince plantation, and an amphitheater-like outdoor auditorium at the Lohu springs. The farm also includes a house for holding seminars, where the author of these lines first met with \u00dclo in 1997. At the end of June 2018, a 5-day seminar on Vooglaid\u2019s farm marked the beginning of this book.<\/p><p>Those who know \u00dclo personally note his excellent sense of humor. As examples, participants from the TSU Sociology Laboratory seminars recall various cases from the past. Known as \u201cMeetings in K\u00e4\u00e4riku\u201d, these seminars in 1966-1969 became legendary among Soviet sociologists who studied the patterns of mass communication. Representatives of different cultures got acquainted with Estonian sauna traditions, among other things. At first, the guests from Georgia did not want to join the others and did not dare to go in the steam room, let alone swim in the ice hole. When they finally completed the full Estonian ritual, they were sure that no one would believe them at home. On the last day of the seminar, \u00dclo Vooglaid publicly presented the Georgians with certificates sealed with the signatures of several professors (among whom were V.A. Yadov, Y.A. Levada, L.N. Stolovich, R.N. Blum), certifying that the southerners visited the 100-degree heat of an Estonian sauna, ran through the 22-degree frost to an ice hole, and, after bathing in it, they returned back to the 100-degree heat. And so on, with short breaks, for a total of ten times.<\/p><p>\u00dclo has been interested in sailing since childhood. He won several championship titles in the \u201cDragon\u201d class and in the \u201cM\u201d class. In addition, he was repeatedly the Tartu Championship winner; participated in sailing team meets between the national teams of Estonia, Latvia, Lithuania, and Leningrad; and also represented Estonia at the USSR Championship in Sevastopol.<\/p><p>The first Muhuv\u00e4in regatta took place in 1958 on the Tallinn-P\u00e4rnu route. In those days, it was impossible to dream of going on a yacht in the border zone \u2013 it was not even open to discussion. It was \u00dclo Vooglaid who had the idea of organizing the regatta, and he also managed to get the KGB and border guards to agree to it. The yacht \u201cBrigitta\u201d and its 6-person crew, including \u00dclo, under the leadership of Captain Arnold Irak, won a memorable victory in that very first regatta.<\/p><p>When we took a picture for the cover of this book on a windless October morning in 2018, \u00dclo admitted that in his entire adult life, he had not been sailing for only a few years.<\/p><p>Vooglaid is still actively involved in public life. There are few among the political decision-makers in Estonia who do not receive letters from \u00dclo. Unfortunately, most of these letters remained unanswered, for various reasons. We hope that in the course of reading this book, they will have a desire to reread the messages, as they will undoubtedly become much clearer now.<\/p><p>Citizens can change society for the better, but in order to be able to behave like a citizen and act like a citizen, you need to make an effort.<\/p><p><b>INDREK PAAL<br \/>Student of \u00dclo Vooglaid<\/b><\/p>\t\t\t\t\t\t\t\t<\/div>\n\t\t\t\t<\/div>\n\t\t\t\t<div class=\"elementor-element elementor-element-8dea985 elementor-widget elementor-widget-button\" data-id=\"8dea985\" data-element_type=\"widget\" data-widget_type=\"button.default\">\n\t\t\t\t<div class=\"elementor-widget-container\">\n\t\t\t\t\t\t\t\t\t<div class=\"elementor-button-wrapper\">\n\t\t\t\t\t<a class=\"elementor-button elementor-button-link elementor-size-sm\" href=\"https:\/\/vooglaid.org\/en\/books\" target=\"_blank\">\n\t\t\t\t\t\t<span class=\"elementor-button-content-wrapper\">\n\t\t\t\t\t\t\t\t\t<span class=\"elementor-button-text\">See the books<\/span>\n\t\t\t\t\t<\/span>\n\t\t\t\t\t<\/a>\n\t\t\t\t<\/div>\n\t\t\t\t\t\t\t\t<\/div>\n\t\t\t\t<\/div>\n\t\t\t\t<\/div>\n\t\t<div class=\"elementor-element elementor-element-a47ac01 e-con-full e-flex e-con e-child\" data-id=\"a47ac01\" data-element_type=\"container\">\n\t\t\t\t<div class=\"elementor-element elementor-element-8f009df elementor-widget elementor-widget-image\" data-id=\"8f009df\" data-element_type=\"widget\" data-widget_type=\"image.default\">\n\t\t\t\t<div class=\"elementor-widget-container\">\n\t\t\t\t\t\t\t\t\t\t\t\t\t\t\t<img fetchpriority=\"high\" decoding=\"async\" width=\"800\" height=\"800\" src=\"https:\/\/www.vooglaid.org\/wp-content\/uploads\/2022\/10\/\u00dclo-Vooglaid-1024x1024.jpg\" class=\"attachment-large size-large wp-image-3861\" alt=\"\" srcset=\"https:\/\/www.vooglaid.org\/wp-content\/uploads\/2022\/10\/\u00dclo-Vooglaid-1024x1024.jpg 1024w, https:\/\/www.vooglaid.org\/wp-content\/uploads\/2022\/10\/\u00dclo-Vooglaid-300x300.jpg 300w, https:\/\/www.vooglaid.org\/wp-content\/uploads\/2022\/10\/\u00dclo-Vooglaid-100x100.jpg 100w, https:\/\/www.vooglaid.org\/wp-content\/uploads\/2022\/10\/\u00dclo-Vooglaid-600x600.jpg 600w, https:\/\/www.vooglaid.org\/wp-content\/uploads\/2022\/10\/\u00dclo-Vooglaid-150x150.jpg 150w, https:\/\/www.vooglaid.org\/wp-content\/uploads\/2022\/10\/\u00dclo-Vooglaid-768x768.jpg 768w, https:\/\/www.vooglaid.org\/wp-content\/uploads\/2022\/10\/\u00dclo-Vooglaid.jpg 2000w\" sizes=\"(max-width: 800px) 100vw, 800px\" \/>\t\t\t\t\t\t\t\t\t\t\t\t\t\t\t<\/div>\n\t\t\t\t<\/div>\n\t\t\t\t<div class=\"elementor-element elementor-element-d3a6bd4 elementor-widget elementor-widget-image\" data-id=\"d3a6bd4\" data-element_type=\"widget\" data-widget_type=\"image.default\">\n\t\t\t\t<div class=\"elementor-widget-container\">\n\t\t\t\t\t\t\t\t\t\t\t\t\t\t\t<img decoding=\"async\" width=\"800\" height=\"800\" src=\"https:\/\/www.vooglaid.org\/wp-content\/uploads\/2018\/06\/\u00dclo-Vooglaid2-1024x1024.jpg\" class=\"attachment-large size-large wp-image-2073\" alt=\"\u00dclo Vooglaid\" srcset=\"https:\/\/www.vooglaid.org\/wp-content\/uploads\/2018\/06\/\u00dclo-Vooglaid2-1024x1024.jpg 1024w, https:\/\/www.vooglaid.org\/wp-content\/uploads\/2018\/06\/\u00dclo-Vooglaid2-300x300.jpg 300w, https:\/\/www.vooglaid.org\/wp-content\/uploads\/2018\/06\/\u00dclo-Vooglaid2-100x100.jpg 100w, https:\/\/www.vooglaid.org\/wp-content\/uploads\/2018\/06\/\u00dclo-Vooglaid2-600x600.jpg 600w, https:\/\/www.vooglaid.org\/wp-content\/uploads\/2018\/06\/\u00dclo-Vooglaid2-150x150.jpg 150w, https:\/\/www.vooglaid.org\/wp-content\/uploads\/2018\/06\/\u00dclo-Vooglaid2-768x768.jpg 768w, https:\/\/www.vooglaid.org\/wp-content\/uploads\/2018\/06\/\u00dclo-Vooglaid2.jpg 2000w\" sizes=\"(max-width: 800px) 100vw, 800px\" \/>\t\t\t\t\t\t\t\t\t\t\t\t\t\t\t<\/div>\n\t\t\t\t<\/div>\n\t\t\t\t<\/div>\n\t\t\t\t\t<\/div>\n\t\t\t\t<\/div>\n\t\t\t\t<\/div>\n\t\t","protected":false},"excerpt":{"rendered":"<p>\u00dclo Vooglaid PROFESSOR EMERITUS \u00dclo Vooglaid was born in Tallinn on August 29, 1935. In 1949-1953, he studied pedagogy at the Haapsalu Pedagogical School (Haapsalu Teachers\u2019 Seminar 1945-1950), from where he was sent to work as a teacher in an orphanage in Tilsi. In 1954-1960, \u00dclo Vooglaid studied at Tartu State University (TSU), where he [&hellip;]<\/p>\n","protected":false},"author":11,"featured_media":0,"parent":0,"menu_order":0,"comment_status":"closed","ping_status":"closed","template":"elementor_canvas","meta":{"footnotes":""},"class_list":["post-5872","page","type-page","status-publish","hentry"],"_links":{"self":[{"href":"https:\/\/vooglaid.org\/en\/wp-json\/wp\/v2\/pages\/5872","targetHints":{"allow":["GET"]}}],"collection":[{"href":"https:\/\/vooglaid.org\/en\/wp-json\/wp\/v2\/pages"}],"about":[{"href":"https:\/\/vooglaid.org\/en\/wp-json\/wp\/v2\/types\/page"}],"author":[{"embeddable":true,"href":"https:\/\/vooglaid.org\/en\/wp-json\/wp\/v2\/users\/11"}],"replies":[{"embeddable":true,"href":"https:\/\/vooglaid.org\/en\/wp-json\/wp\/v2\/comments?post=5872"}],"version-history":[{"count":5,"href":"https:\/\/vooglaid.org\/en\/wp-json\/wp\/v2\/pages\/5872\/revisions"}],"predecessor-version":[{"id":6371,"href":"https:\/\/vooglaid.org\/en\/wp-json\/wp\/v2\/pages\/5872\/revisions\/6371"}],"wp:attachment":[{"href":"https:\/\/vooglaid.org\/en\/wp-json\/wp\/v2\/media?parent=5872"}],"curies":[{"name":"wp","href":"https:\/\/api.w.org\/{rel}","templated":true}]}}