{"id":2715,"date":"2018-04-27T16:56:13","date_gmt":"2018-04-27T13:56:13","guid":{"rendered":"https:\/\/vooglaid.org\/raamatud\/"},"modified":"2025-12-31T08:12:17","modified_gmt":"2025-12-31T06:12:17","slug":"knigi","status":"publish","type":"page","link":"https:\/\/vooglaid.org\/ru\/knigi\/","title":{"rendered":"\u041a\u043d\u0438\u0433\u0438"},"content":{"rendered":"\t\t<div data-elementor-type=\"wp-page\" data-elementor-id=\"2715\" class=\"elementor elementor-2715 elementor-1766\">\n\t\t\t\t<div class=\"elementor-element elementor-element-20e188d2 e-flex e-con-boxed e-con e-parent\" data-id=\"20e188d2\" data-element_type=\"container\">\n\t\t\t\t\t<div class=\"e-con-inner\">\n\t\t<div class=\"elementor-element elementor-element-31bbcebb e-con-full e-flex e-con e-child\" data-id=\"31bbcebb\" data-element_type=\"container\">\n\t\t\t\t<div class=\"elementor-element elementor-element-671cc1c9 elementor-widget__width-initial elementor-widget elementor-widget-image\" data-id=\"671cc1c9\" data-element_type=\"widget\" data-widget_type=\"image.default\">\n\t\t\t\t<div class=\"elementor-widget-container\">\n\t\t\t\t\t\t\t\t\t\t\t\t\t\t\t<img fetchpriority=\"high\" decoding=\"async\" width=\"519\" height=\"600\" src=\"https:\/\/vooglaid.org\/wp-content\/uploads\/2025\/08\/uued.jpg\" class=\"attachment-large size-large wp-image-7160\" alt=\"vanaisa uued lood\" srcset=\"https:\/\/vooglaid.org\/wp-content\/uploads\/2025\/08\/uued.jpg 519w, https:\/\/vooglaid.org\/wp-content\/uploads\/2025\/08\/uued-260x300.jpg 260w\" sizes=\"(max-width: 519px) 100vw, 519px\" \/>\t\t\t\t\t\t\t\t\t\t\t\t\t\t\t<\/div>\n\t\t\t\t<\/div>\n\t\t<div class=\"elementor-element elementor-element-351d64be e-flex e-con-boxed e-con e-child\" data-id=\"351d64be\" data-element_type=\"container\">\n\t\t\t\t\t<div class=\"e-con-inner\">\n\t\t\t\t<div class=\"elementor-element elementor-element-567b536e elementor-widget elementor-widget-heading\" data-id=\"567b536e\" data-element_type=\"widget\" data-widget_type=\"heading.default\">\n\t\t\t\t<div class=\"elementor-widget-container\">\n\t\t\t\t\t<h2 class=\"elementor-heading-title elementor-size-default\">Vanaisa uued lood (2025)<\/h2>\t\t\t\t<\/div>\n\t\t\t\t<\/div>\n\t\t\t\t<div class=\"elementor-element elementor-element-1aa18ce5 elementor-widget elementor-widget-text-editor\" data-id=\"1aa18ce5\" data-element_type=\"widget\" data-widget_type=\"text-editor.default\">\n\t\t\t\t<div class=\"elementor-widget-container\">\n\t\t\t\t\t\t\t\t\t<p>Kaheosaline raamat \u00dclo vanaisast ja uued lood \u00dclost endast vanaisa rollis<\/p>\t\t\t\t\t\t\t\t<\/div>\n\t\t\t\t<\/div>\n\t\t<div class=\"elementor-element elementor-element-15d13391 e-flex e-con-boxed e-con e-child\" data-id=\"15d13391\" data-element_type=\"container\">\n\t\t\t\t\t<div class=\"e-con-inner\">\n\t\t\t\t<div class=\"elementor-element elementor-element-7b4b2be4 elementor-widget elementor-widget-button\" data-id=\"7b4b2be4\" data-element_type=\"widget\" data-widget_type=\"button.default\">\n\t\t\t\t<div class=\"elementor-widget-container\">\n\t\t\t\t\t\t\t\t\t<div class=\"elementor-button-wrapper\">\n\t\t\t\t\t<a class=\"elementor-button elementor-button-link elementor-size-sm\" href=\"https:\/\/vooglaid.org\/toode\/vanaisa-uued-lood\/\">\n\t\t\t\t\t\t<span class=\"elementor-button-content-wrapper\">\n\t\t\t\t\t\t\t\t\t<span class=\"elementor-button-text\">\u0417\u0430\u043a\u0430\u0437\u0430\u0442\u044c<\/span>\n\t\t\t\t\t<\/span>\n\t\t\t\t\t<\/a>\n\t\t\t\t<\/div>\n\t\t\t\t\t\t\t\t<\/div>\n\t\t\t\t<\/div>\n\t\t\t\t\t<\/div>\n\t\t\t\t<\/div>\n\t\t\t\t\t<\/div>\n\t\t\t\t<\/div>\n\t\t\t\t<\/div>\n\t\t<div class=\"elementor-element elementor-element-b567e46 e-con-full e-flex e-con e-child\" data-id=\"b567e46\" data-element_type=\"container\">\n\t\t\t\t<div class=\"elementor-element elementor-element-d19f8e0 elementor-widget__width-initial elementor-widget elementor-widget-image\" data-id=\"d19f8e0\" data-element_type=\"widget\" data-widget_type=\"image.default\">\n\t\t\t\t<div class=\"elementor-widget-container\">\n\t\t\t\t\t\t\t\t\t\t\t\t\t\t\t<img decoding=\"async\" width=\"685\" height=\"1024\" src=\"https:\/\/vooglaid.org\/wp-content\/uploads\/2019\/07\/Kaas-vene-keeles-685x1024.jpg\" class=\"attachment-large size-large wp-image-2721\" alt=\"\" srcset=\"https:\/\/vooglaid.org\/wp-content\/uploads\/2019\/07\/Kaas-vene-keeles-685x1024.jpg 685w, https:\/\/vooglaid.org\/wp-content\/uploads\/2019\/07\/Kaas-vene-keeles-600x896.jpg 600w, https:\/\/vooglaid.org\/wp-content\/uploads\/2019\/07\/Kaas-vene-keeles-201x300.jpg 201w, https:\/\/vooglaid.org\/wp-content\/uploads\/2019\/07\/Kaas-vene-keeles.jpg 747w\" sizes=\"(max-width: 685px) 100vw, 685px\" \/>\t\t\t\t\t\t\t\t\t\t\t\t\t\t\t<\/div>\n\t\t\t\t<\/div>\n\t\t<div class=\"elementor-element elementor-element-5f4069a e-flex e-con-boxed e-con e-child\" data-id=\"5f4069a\" data-element_type=\"container\">\n\t\t\t\t\t<div class=\"e-con-inner\">\n\t\t\t\t<div class=\"elementor-element elementor-element-8e318db elementor-widget elementor-widget-heading\" data-id=\"8e318db\" data-element_type=\"widget\" data-widget_type=\"heading.default\">\n\t\t\t\t<div class=\"elementor-widget-container\">\n\t\t\t\t\t<h2 class=\"elementor-heading-title elementor-size-default\">\u041d\u0430\u043f\u0443\u0442\u0441\u0442\u0432\u0438\u0435 \u0433\u0440\u0430\u0436\u0434\u0430\u043d\u0438\u043d\u0443 (2019)<\/h2>\t\t\t\t<\/div>\n\t\t\t\t<\/div>\n\t\t\t\t<div class=\"elementor-element elementor-element-7641bdc elementor-widget elementor-widget-text-editor\" data-id=\"7641bdc\" data-element_type=\"widget\" data-widget_type=\"text-editor.default\">\n\t\t\t\t<div class=\"elementor-widget-container\">\n\t\t\t\t\t\t\t\t\t\u0423\u0447\u0435\u0431\u043d\u043e\u0435 \u043f\u043e\u0441\u043e\u0431\u0438\u0435\t\t\t\t\t\t\t\t<\/div>\n\t\t\t\t<\/div>\n\t\t<div class=\"elementor-element elementor-element-088cd4f e-flex e-con-boxed e-con e-child\" data-id=\"088cd4f\" data-element_type=\"container\">\n\t\t\t\t\t<div class=\"e-con-inner\">\n\t\t\t\t<div class=\"elementor-element elementor-element-b05d605 elementor-widget elementor-widget-button\" data-id=\"b05d605\" data-element_type=\"widget\" data-widget_type=\"button.default\">\n\t\t\t\t<div class=\"elementor-widget-container\">\n\t\t\t\t\t\t\t\t\t<div class=\"elementor-button-wrapper\">\n\t\t\t\t\t<a class=\"elementor-button elementor-button-link elementor-size-sm\" href=\"https:\/\/vooglaid.org\/ru\/toode\/naputstvie-grazhdaninu\/\">\n\t\t\t\t\t\t<span class=\"elementor-button-content-wrapper\">\n\t\t\t\t\t\t\t\t\t<span class=\"elementor-button-text\">\u0417\u0430\u043a\u0430\u0437\u0430\u0442\u044c<\/span>\n\t\t\t\t\t<\/span>\n\t\t\t\t\t<\/a>\n\t\t\t\t<\/div>\n\t\t\t\t\t\t\t\t<\/div>\n\t\t\t\t<\/div>\n\t\t\t\t<div class=\"elementor-element elementor-element-0c6d13b elementor-widget elementor-widget-button\" data-id=\"0c6d13b\" data-element_type=\"widget\" data-widget_type=\"button.default\">\n\t\t\t\t<div class=\"elementor-widget-container\">\n\t\t\t\t\t\t\t\t\t<div class=\"elementor-button-wrapper\">\n\t\t\t\t\t<a class=\"elementor-button elementor-button-link elementor-size-sm\" href=\"https:\/\/vooglaid.org\/ru\/knigi\/naputstvie-grazhdaninu\/\">\n\t\t\t\t\t\t<span class=\"elementor-button-content-wrapper\">\n\t\t\t\t\t\t\t\t\t<span class=\"elementor-button-text\">\u0427\u0438\u0442\u0430\u0442\u044c<\/span>\n\t\t\t\t\t<\/span>\n\t\t\t\t\t<\/a>\n\t\t\t\t<\/div>\n\t\t\t\t\t\t\t\t<\/div>\n\t\t\t\t<\/div>\n\t\t\t\t\t<\/div>\n\t\t\t\t<\/div>\n\t\t\t\t\t<\/div>\n\t\t\t\t<\/div>\n\t\t\t\t<\/div>\n\t\t<div class=\"elementor-element elementor-element-61f3a3b3 e-con-full e-flex e-con e-child\" data-id=\"61f3a3b3\" data-element_type=\"container\">\n\t\t\t\t<div class=\"elementor-element elementor-element-1a2461fd elementor-widget__width-initial elementor-widget elementor-widget-image\" data-id=\"1a2461fd\" data-element_type=\"widget\" data-widget_type=\"image.default\">\n\t\t\t\t<div class=\"elementor-widget-container\">\n\t\t\t\t\t\t\t\t\t\t\t\t\t\t\t<img decoding=\"async\" width=\"800\" height=\"989\" src=\"https:\/\/vooglaid.org\/wp-content\/uploads\/2019\/02\/Kaas-828x1024.jpg\" class=\"attachment-large size-large wp-image-2720\" alt=\"\" srcset=\"https:\/\/vooglaid.org\/wp-content\/uploads\/2019\/02\/Kaas-828x1024.jpg 828w, https:\/\/vooglaid.org\/wp-content\/uploads\/2019\/02\/Kaas-600x742.jpg 600w, https:\/\/vooglaid.org\/wp-content\/uploads\/2019\/02\/Kaas-242x300.jpg 242w, https:\/\/vooglaid.org\/wp-content\/uploads\/2019\/02\/Kaas-768x950.jpg 768w, https:\/\/vooglaid.org\/wp-content\/uploads\/2019\/02\/Kaas.jpg 994w\" sizes=\"(max-width: 800px) 100vw, 800px\" \/>\t\t\t\t\t\t\t\t\t\t\t\t\t\t\t<\/div>\n\t\t\t\t<\/div>\n\t\t<div class=\"elementor-element elementor-element-3c109298 e-flex e-con-boxed e-con e-child\" data-id=\"3c109298\" data-element_type=\"container\">\n\t\t\t\t\t<div class=\"e-con-inner\">\n\t\t\t\t<div class=\"elementor-element elementor-element-1587d9b7 elementor-widget elementor-widget-heading\" data-id=\"1587d9b7\" data-element_type=\"widget\" data-widget_type=\"heading.default\">\n\t\t\t\t<div class=\"elementor-widget-container\">\n\t\t\t\t\t<h2 class=\"elementor-heading-title elementor-size-default\">Elanikust kodanikuks (2019)<\/h2>\t\t\t\t<\/div>\n\t\t\t\t<\/div>\n\t\t\t\t<div class=\"elementor-element elementor-element-1b848c5b elementor-widget elementor-widget-text-editor\" data-id=\"1b848c5b\" data-element_type=\"widget\" data-widget_type=\"text-editor.default\">\n\t\t\t\t<div class=\"elementor-widget-container\">\n\t\t\t\t\t\t\t\t\t<p>K\u00e4siraamat isem\u00f5tlejale eesti keeles<\/p>\t\t\t\t\t\t\t\t<\/div>\n\t\t\t\t<\/div>\n\t\t<div class=\"elementor-element elementor-element-4ff6dc79 e-flex e-con-boxed e-con e-child\" data-id=\"4ff6dc79\" data-element_type=\"container\">\n\t\t\t\t\t<div class=\"e-con-inner\">\n\t\t\t\t<div class=\"elementor-element elementor-element-611701eb elementor-widget elementor-widget-button\" data-id=\"611701eb\" data-element_type=\"widget\" data-widget_type=\"button.default\">\n\t\t\t\t<div class=\"elementor-widget-container\">\n\t\t\t\t\t\t\t\t\t<div class=\"elementor-button-wrapper\">\n\t\t\t\t\t<a class=\"elementor-button elementor-button-link elementor-size-sm\" href=\"https:\/\/vooglaid.org\/toode\/elanikust-kodanikuks\/\">\n\t\t\t\t\t\t<span class=\"elementor-button-content-wrapper\">\n\t\t\t\t\t\t\t\t\t<span class=\"elementor-button-text\">Telli raamat<\/span>\n\t\t\t\t\t<\/span>\n\t\t\t\t\t<\/a>\n\t\t\t\t<\/div>\n\t\t\t\t\t\t\t\t<\/div>\n\t\t\t\t<\/div>\n\t\t\t\t<div class=\"elementor-element elementor-element-7e94a29c elementor-widget elementor-widget-button\" data-id=\"7e94a29c\" data-element_type=\"widget\" data-widget_type=\"button.default\">\n\t\t\t\t<div class=\"elementor-widget-container\">\n\t\t\t\t\t\t\t\t\t<div class=\"elementor-button-wrapper\">\n\t\t\t\t\t<a class=\"elementor-button elementor-button-link elementor-size-sm\" href=\"https:\/\/vooglaid.org\/raamatud\/elanikust-kodanikuks\/\">\n\t\t\t\t\t\t<span class=\"elementor-button-content-wrapper\">\n\t\t\t\t\t\t\t\t\t<span class=\"elementor-button-text\">Loe<\/span>\n\t\t\t\t\t<\/span>\n\t\t\t\t\t<\/a>\n\t\t\t\t<\/div>\n\t\t\t\t\t\t\t\t<\/div>\n\t\t\t\t<\/div>\n\t\t\t\t\t<\/div>\n\t\t\t\t<\/div>\n\t\t\t\t\t<\/div>\n\t\t\t\t<\/div>\n\t\t\t\t<\/div>\n\t\t<div class=\"elementor-element elementor-element-2060bb9e e-con-full e-flex e-con e-child\" data-id=\"2060bb9e\" data-element_type=\"container\">\n\t\t\t\t<div class=\"elementor-element elementor-element-67e266f3 elementor-widget__width-initial elementor-widget elementor-widget-image\" data-id=\"67e266f3\" data-element_type=\"widget\" data-widget_type=\"image.default\">\n\t\t\t\t<div class=\"elementor-widget-container\">\n\t\t\t\t\t\t\t\t\t\t\t\t\t\t\t<img loading=\"lazy\" decoding=\"async\" width=\"517\" height=\"923\" src=\"https:\/\/vooglaid.org\/wp-content\/uploads\/2018\/05\/s\u00f5na-on-j\u00f5ud.jpg\" class=\"attachment-large size-large wp-image-2716\" alt=\"\" srcset=\"https:\/\/vooglaid.org\/wp-content\/uploads\/2018\/05\/s\u00f5na-on-j\u00f5ud.jpg 517w, https:\/\/vooglaid.org\/wp-content\/uploads\/2018\/05\/s\u00f5na-on-j\u00f5ud-168x300.jpg 168w\" sizes=\"(max-width: 517px) 100vw, 517px\" \/>\t\t\t\t\t\t\t\t\t\t\t\t\t\t\t<\/div>\n\t\t\t\t<\/div>\n\t\t<div class=\"elementor-element elementor-element-7436dbb2 e-flex e-con-boxed e-con e-child\" data-id=\"7436dbb2\" data-element_type=\"container\">\n\t\t\t\t\t<div class=\"e-con-inner\">\n\t\t\t\t<div class=\"elementor-element elementor-element-2f2be0d6 elementor-widget elementor-widget-heading\" data-id=\"2f2be0d6\" data-element_type=\"widget\" data-widget_type=\"heading.default\">\n\t\t\t\t<div class=\"elementor-widget-container\">\n\t\t\t\t\t<h2 class=\"elementor-heading-title elementor-size-default\">S\u00f5na on j\u00f5ud (2018)<\/h2>\t\t\t\t<\/div>\n\t\t\t\t<\/div>\n\t\t\t\t<div class=\"elementor-element elementor-element-315384ee elementor-widget elementor-widget-text-editor\" data-id=\"315384ee\" data-element_type=\"widget\" data-widget_type=\"text-editor.default\">\n\t\t\t\t<div class=\"elementor-widget-container\">\n\t\t\t\t\t\t\t\t\t<p>Raadio \u00d6\u00f6\u00fclikoolis peetud loengud 2001 &#8212; 2017<\/p>\t\t\t\t\t\t\t\t<\/div>\n\t\t\t\t<\/div>\n\t\t<div class=\"elementor-element elementor-element-132a61c e-flex e-con-boxed e-con e-child\" data-id=\"132a61c\" data-element_type=\"container\">\n\t\t\t\t\t<div class=\"e-con-inner\">\n\t\t\t\t<div class=\"elementor-element elementor-element-6c6760c elementor-widget elementor-widget-button\" data-id=\"6c6760c\" data-element_type=\"widget\" data-widget_type=\"button.default\">\n\t\t\t\t<div class=\"elementor-widget-container\">\n\t\t\t\t\t\t\t\t\t<div class=\"elementor-button-wrapper\">\n\t\t\t\t\t<a class=\"elementor-button elementor-button-link elementor-size-sm\" href=\"https:\/\/sejsraamatud.ee\/ulo-vooglaid\">\n\t\t\t\t\t\t<span class=\"elementor-button-content-wrapper\">\n\t\t\t\t\t\t\t\t\t<span class=\"elementor-button-text\">Kirjastus SE &amp; JS<\/span>\n\t\t\t\t\t<\/span>\n\t\t\t\t\t<\/a>\n\t\t\t\t<\/div>\n\t\t\t\t\t\t\t\t<\/div>\n\t\t\t\t<\/div>\n\t\t\t\t\t<\/div>\n\t\t\t\t<\/div>\n\t\t\t\t\t<\/div>\n\t\t\t\t<\/div>\n\t\t\t\t<\/div>\n\t\t<div class=\"elementor-element elementor-element-2e666d2 e-con-full e-flex e-con e-child\" data-id=\"2e666d2\" data-element_type=\"container\">\n\t\t\t\t<div class=\"elementor-element elementor-element-64ac14dc elementor-widget__width-initial elementor-widget elementor-widget-image\" data-id=\"64ac14dc\" data-element_type=\"widget\" data-widget_type=\"image.default\">\n\t\t\t\t<div class=\"elementor-widget-container\">\n\t\t\t\t\t\t\t\t\t\t\t\t\t\t\t<img loading=\"lazy\" decoding=\"async\" width=\"560\" height=\"927\" src=\"https:\/\/vooglaid.org\/wp-content\/uploads\/2018\/05\/AegVaim.jpg\" class=\"attachment-large size-large wp-image-2718\" alt=\"\" srcset=\"https:\/\/vooglaid.org\/wp-content\/uploads\/2018\/05\/AegVaim.jpg 560w, https:\/\/vooglaid.org\/wp-content\/uploads\/2018\/05\/AegVaim-181x300.jpg 181w\" sizes=\"(max-width: 560px) 100vw, 560px\" \/>\t\t\t\t\t\t\t\t\t\t\t\t\t\t\t<\/div>\n\t\t\t\t<\/div>\n\t\t<div class=\"elementor-element elementor-element-c9e394d e-flex e-con-boxed e-con e-child\" data-id=\"c9e394d\" data-element_type=\"container\">\n\t\t\t\t\t<div class=\"e-con-inner\">\n\t\t\t\t<div class=\"elementor-element elementor-element-3f4a2bd4 elementor-widget elementor-widget-heading\" data-id=\"3f4a2bd4\" data-element_type=\"widget\" data-widget_type=\"heading.default\">\n\t\t\t\t<div class=\"elementor-widget-container\">\n\t\t\t\t\t<h2 class=\"elementor-heading-title elementor-size-default\">Aeg &amp; Vaim (2015)<\/h2>\t\t\t\t<\/div>\n\t\t\t\t<\/div>\n\t\t\t\t<div class=\"elementor-element elementor-element-22bab9fc elementor-widget elementor-widget-text-editor\" data-id=\"22bab9fc\" data-element_type=\"widget\" data-widget_type=\"text-editor.default\">\n\t\t\t\t<div class=\"elementor-widget-container\">\n\t\t\t\t\t\t\t\t\t<p>M\u00f5tteid, arutlusi, esseid<\/p>\t\t\t\t\t\t\t\t<\/div>\n\t\t\t\t<\/div>\n\t\t<div class=\"elementor-element elementor-element-2a88ba29 e-flex e-con-boxed e-con e-child\" data-id=\"2a88ba29\" data-element_type=\"container\">\n\t\t\t\t\t<div class=\"e-con-inner\">\n\t\t\t\t\t<\/div>\n\t\t\t\t<\/div>\n\t\t\t\t\t<\/div>\n\t\t\t\t<\/div>\n\t\t\t\t<\/div>\n\t\t<div class=\"elementor-element elementor-element-59083534 e-con-full e-flex e-con e-child\" data-id=\"59083534\" data-element_type=\"container\">\n\t\t\t\t<div class=\"elementor-element elementor-element-714a5661 elementor-widget__width-initial elementor-widget elementor-widget-image\" data-id=\"714a5661\" data-element_type=\"widget\" data-widget_type=\"image.default\">\n\t\t\t\t<div class=\"elementor-widget-container\">\n\t\t\t\t\t\t\t\t\t\t\t\t\t\t\t<img loading=\"lazy\" decoding=\"async\" width=\"250\" height=\"300\" src=\"https:\/\/vooglaid.org\/wp-content\/uploads\/2019\/02\/vanaisa.jpg\" class=\"attachment-large size-large wp-image-2719\" alt=\"\" \/>\t\t\t\t\t\t\t\t\t\t\t\t\t\t\t<\/div>\n\t\t\t\t<\/div>\n\t\t<div class=\"elementor-element elementor-element-1f648333 e-flex e-con-boxed e-con e-child\" data-id=\"1f648333\" data-element_type=\"container\">\n\t\t\t\t\t<div class=\"e-con-inner\">\n\t\t\t\t<div class=\"elementor-element elementor-element-60af40e0 elementor-widget elementor-widget-heading\" data-id=\"60af40e0\" data-element_type=\"widget\" data-widget_type=\"heading.default\">\n\t\t\t\t<div class=\"elementor-widget-container\">\n\t\t\t\t\t<h2 class=\"elementor-heading-title elementor-size-default\">Vanaisa (2011)<\/h2>\t\t\t\t<\/div>\n\t\t\t\t<\/div>\n\t\t\t\t<div class=\"elementor-element elementor-element-4b9cf233 elementor-widget elementor-widget-text-editor\" data-id=\"4b9cf233\" data-element_type=\"widget\" data-widget_type=\"text-editor.default\">\n\t\t\t\t<div class=\"elementor-widget-container\">\n\t\t\t\t\t\t\t\t\t<p>M\u00e4lestusi \u00dclo lapsep\u00f5lvest<\/p>\t\t\t\t\t\t\t\t<\/div>\n\t\t\t\t<\/div>\n\t\t<div class=\"elementor-element elementor-element-3d88611f e-flex e-con-boxed e-con e-child\" data-id=\"3d88611f\" data-element_type=\"container\">\n\t\t\t\t\t<div class=\"e-con-inner\">\n\t\t\t\t<div class=\"elementor-element elementor-element-48b105d3 elementor-widget elementor-widget-button\" data-id=\"48b105d3\" data-element_type=\"widget\" data-widget_type=\"button.default\">\n\t\t\t\t<div class=\"elementor-widget-container\">\n\t\t\t\t\t\t\t\t\t<div class=\"elementor-button-wrapper\">\n\t\t\t\t\t<a class=\"elementor-button elementor-button-link elementor-size-sm\" href=\"https:\/\/kasvatus.print.ee\/product\/vanaisa\/\">\n\t\t\t\t\t\t<span class=\"elementor-button-content-wrapper\">\n\t\t\t\t\t\t\t\t\t<span class=\"elementor-button-text\">V\u00e4ike Vanker<\/span>\n\t\t\t\t\t<\/span>\n\t\t\t\t\t<\/a>\n\t\t\t\t<\/div>\n\t\t\t\t\t\t\t\t<\/div>\n\t\t\t\t<\/div>\n\t\t\t\t\t<\/div>\n\t\t\t\t<\/div>\n\t\t\t\t\t<\/div>\n\t\t\t\t<\/div>\n\t\t\t\t<\/div>\n\t\t<div class=\"elementor-element elementor-element-749ac00d e-con-full e-flex e-con e-child\" data-id=\"749ac00d\" data-element_type=\"container\">\n\t\t\t\t<div class=\"elementor-element elementor-element-20a13a08 elementor-widget__width-initial elementor-widget elementor-widget-image\" data-id=\"20a13a08\" data-element_type=\"widget\" data-widget_type=\"image.default\">\n\t\t\t\t<div class=\"elementor-widget-container\">\n\t\t\t\t\t\t\t\t\t\t\t\t\t\t\t<img loading=\"lazy\" decoding=\"async\" width=\"197\" height=\"275\" src=\"https:\/\/vooglaid.org\/wp-content\/uploads\/2019\/10\/Lastekodu-kui-kasvukeskkond.jpg\" class=\"attachment-large size-large wp-image-2724\" alt=\"\" \/>\t\t\t\t\t\t\t\t\t\t\t\t\t\t\t<\/div>\n\t\t\t\t<\/div>\n\t\t<div class=\"elementor-element elementor-element-6da2ba25 e-flex e-con-boxed e-con e-child\" data-id=\"6da2ba25\" data-element_type=\"container\">\n\t\t\t\t\t<div class=\"e-con-inner\">\n\t\t\t\t<div class=\"elementor-element elementor-element-a31d15 elementor-widget elementor-widget-heading\" data-id=\"a31d15\" data-element_type=\"widget\" data-widget_type=\"heading.default\">\n\t\t\t\t<div class=\"elementor-widget-container\">\n\t\t\t\t\t<h2 class=\"elementor-heading-title elementor-size-default\">Lastekodu kui kasvukeskkond (1999)<\/h2>\t\t\t\t<\/div>\n\t\t\t\t<\/div>\n\t\t\t\t<div class=\"elementor-element elementor-element-6afef88a elementor-widget elementor-widget-text-editor\" data-id=\"6afef88a\" data-element_type=\"widget\" data-widget_type=\"text-editor.default\">\n\t\t\t\t<div class=\"elementor-widget-container\">\n\t\t\t\t\t\t\t\t\t<p>Harjutusi ja \u00fclesandeid lastekodu kasvatajatele ja juhatajatele<\/p>\t\t\t\t\t\t\t\t<\/div>\n\t\t\t\t<\/div>\n\t\t\t\t\t<\/div>\n\t\t\t\t<\/div>\n\t\t\t\t<\/div>\n\t\t<div class=\"elementor-element elementor-element-3efeb636 e-con-full e-flex e-con e-child\" data-id=\"3efeb636\" data-element_type=\"container\">\n\t\t\t\t<div class=\"elementor-element elementor-element-4217cb09 elementor-widget__width-initial elementor-widget elementor-widget-image\" data-id=\"4217cb09\" data-element_type=\"widget\" data-widget_type=\"image.default\">\n\t\t\t\t<div class=\"elementor-widget-container\">\n\t\t\t\t\t\t\t\t\t\t\t\t\t\t\t<img loading=\"lazy\" decoding=\"async\" width=\"400\" height=\"600\" src=\"https:\/\/vooglaid.org\/wp-content\/uploads\/2019\/10\/juhtimissusteemide-morfoloogia.jpg\" class=\"attachment-large size-large wp-image-2725\" alt=\"\" srcset=\"https:\/\/vooglaid.org\/wp-content\/uploads\/2019\/10\/juhtimissusteemide-morfoloogia.jpg 400w, https:\/\/vooglaid.org\/wp-content\/uploads\/2019\/10\/juhtimissusteemide-morfoloogia-200x300.jpg 200w\" sizes=\"(max-width: 400px) 100vw, 400px\" \/>\t\t\t\t\t\t\t\t\t\t\t\t\t\t\t<\/div>\n\t\t\t\t<\/div>\n\t\t<div class=\"elementor-element elementor-element-7d7a793b e-flex e-con-boxed e-con e-child\" data-id=\"7d7a793b\" data-element_type=\"container\">\n\t\t\t\t\t<div class=\"e-con-inner\">\n\t\t\t\t<div class=\"elementor-element elementor-element-5e1834f7 elementor-widget elementor-widget-heading\" data-id=\"5e1834f7\" data-element_type=\"widget\" data-widget_type=\"heading.default\">\n\t\t\t\t<div class=\"elementor-widget-container\">\n\t\t\t\t\t<h2 class=\"elementor-heading-title elementor-size-default\">Juhtimiss\u00fcsteemide morfoloogia ja dialektika (1986)<\/h2>\t\t\t\t<\/div>\n\t\t\t\t<\/div>\n\t\t\t\t<div class=\"elementor-element elementor-element-62aef951 elementor-widget elementor-widget-text-editor\" data-id=\"62aef951\" data-element_type=\"widget\" data-widget_type=\"text-editor.default\">\n\t\t\t\t<div class=\"elementor-widget-container\">\n\t\t\t\t\t\t\t\t\t<p>Harjutusi ja \u00fclesandeid lastekodu kasvatajatele ja juhatajatele<\/p>\t\t\t\t\t\t\t\t<\/div>\n\t\t\t\t<\/div>\n\t\t<div class=\"elementor-element elementor-element-1d1b25d9 e-flex e-con-boxed e-con e-child\" data-id=\"1d1b25d9\" data-element_type=\"container\">\n\t\t\t\t\t<div class=\"e-con-inner\">\n\t\t\t\t\t<\/div>\n\t\t\t\t<\/div>\n\t\t\t\t\t<\/div>\n\t\t\t\t<\/div>\n\t\t\t\t<\/div>\n\t\t\t\t\t<\/div>\n\t\t\t\t<\/div>\n\t\t\t\t<\/div>\n\t\t","protected":false},"excerpt":{"rendered":"<p>Vanaisa uued lood (2025) Kaheosaline raamat \u00dclo vanaisast ja uued lood \u00dclost endast vanaisa rollis \u0417\u0430\u043a\u0430\u0437\u0430\u0442\u044c \u041d\u0430\u043f\u0443\u0442\u0441\u0442\u0432\u0438\u0435 \u0433\u0440\u0430\u0436\u0434\u0430\u043d\u0438\u043d\u0443 (2019) \u0423\u0447\u0435\u0431\u043d\u043e\u0435 \u043f\u043e\u0441\u043e\u0431\u0438\u0435 \u0417\u0430\u043a\u0430\u0437\u0430\u0442\u044c \u0427\u0438\u0442\u0430\u0442\u044c Elanikust kodanikuks (2019) K\u00e4siraamat isem\u00f5tlejale eesti keeles Telli raamat Loe S\u00f5na on j\u00f5ud (2018) Raadio \u00d6\u00f6\u00fclikoolis peetud loengud 2001 &#8212; 2017 Kirjastus SE &amp; JS Aeg &amp; Vaim (2015) M\u00f5tteid, arutlusi, esseid [&hellip;]<\/p>\n","protected":false},"author":3,"featured_media":0,"parent":0,"menu_order":30,"comment_status":"closed","ping_status":"closed","template":"","meta":{"footnotes":""},"class_list":["post-2715","page","type-page","status-publish","hentry"],"_links":{"self":[{"href":"https:\/\/vooglaid.org\/ru\/wp-json\/wp\/v2\/pages\/2715","targetHints":{"allow":["GET"]}}],"collection":[{"href":"https:\/\/vooglaid.org\/ru\/wp-json\/wp\/v2\/pages"}],"about":[{"href":"https:\/\/vooglaid.org\/ru\/wp-json\/wp\/v2\/types\/page"}],"author":[{"embeddable":true,"href":"https:\/\/vooglaid.org\/ru\/wp-json\/wp\/v2\/users\/3"}],"replies":[{"embeddable":true,"href":"https:\/\/vooglaid.org\/ru\/wp-json\/wp\/v2\/comments?post=2715"}],"version-history":[{"count":5,"href":"https:\/\/vooglaid.org\/ru\/wp-json\/wp\/v2\/pages\/2715\/revisions"}],"predecessor-version":[{"id":8192,"href":"https:\/\/vooglaid.org\/ru\/wp-json\/wp\/v2\/pages\/2715\/revisions\/8192"}],"wp:attachment":[{"href":"https:\/\/vooglaid.org\/ru\/wp-json\/wp\/v2\/media?parent=2715"}],"curies":[{"name":"wp","href":"https:\/\/api.w.org\/{rel}","templated":true}]}}