{"id":3911,"date":"2022-10-28T00:11:59","date_gmt":"2022-10-27T21:11:59","guid":{"rendered":"https:\/\/vooglaid.org\/?page_id=3911"},"modified":"2025-12-31T08:15:30","modified_gmt":"2025-12-31T06:15:30","slug":"knyhy","status":"publish","type":"page","link":"https:\/\/vooglaid.org\/uk\/knyhy\/","title":{"rendered":"\u041a\u043d\u0438\u0433\u0438"},"content":{"rendered":"\t\t<div data-elementor-type=\"wp-page\" data-elementor-id=\"3911\" class=\"elementor elementor-3911 elementor-1766\">\n\t\t\t\t<div class=\"elementor-element elementor-element-1bfcab6 e-flex e-con-boxed e-con e-parent\" data-id=\"1bfcab6\" data-element_type=\"container\">\n\t\t\t\t\t<div class=\"e-con-inner\">\n\t\t<div class=\"elementor-element elementor-element-2a772f22 e-con-full e-flex e-con e-child\" data-id=\"2a772f22\" data-element_type=\"container\">\n\t\t\t\t<div class=\"elementor-element elementor-element-15055b81 elementor-widget__width-initial elementor-widget elementor-widget-image\" data-id=\"15055b81\" data-element_type=\"widget\" data-widget_type=\"image.default\">\n\t\t\t\t<div class=\"elementor-widget-container\">\n\t\t\t\t\t\t\t\t\t\t\t\t\t\t\t<img fetchpriority=\"high\" decoding=\"async\" width=\"519\" height=\"600\" src=\"https:\/\/vooglaid.org\/wp-content\/uploads\/2025\/08\/uued.jpg\" class=\"attachment-large size-large wp-image-7161\" alt=\"vanaisa uued lood\" srcset=\"https:\/\/vooglaid.org\/wp-content\/uploads\/2025\/08\/uued.jpg 519w, https:\/\/vooglaid.org\/wp-content\/uploads\/2025\/08\/uued-260x300.jpg 260w\" sizes=\"(max-width: 519px) 100vw, 519px\" \/>\t\t\t\t\t\t\t\t\t\t\t\t\t\t\t<\/div>\n\t\t\t\t<\/div>\n\t\t<div class=\"elementor-element elementor-element-1550fd6f e-flex e-con-boxed e-con e-child\" data-id=\"1550fd6f\" data-element_type=\"container\">\n\t\t\t\t\t<div class=\"e-con-inner\">\n\t\t\t\t<div class=\"elementor-element elementor-element-29e1e091 elementor-widget elementor-widget-heading\" data-id=\"29e1e091\" data-element_type=\"widget\" data-widget_type=\"heading.default\">\n\t\t\t\t<div class=\"elementor-widget-container\">\n\t\t\t\t\t<h2 class=\"elementor-heading-title elementor-size-default\">Vanaisa uued lood (2025)\n<\/h2>\t\t\t\t<\/div>\n\t\t\t\t<\/div>\n\t\t\t\t<div class=\"elementor-element elementor-element-3eb12126 elementor-widget elementor-widget-text-editor\" data-id=\"3eb12126\" data-element_type=\"widget\" data-widget_type=\"text-editor.default\">\n\t\t\t\t<div class=\"elementor-widget-container\">\n\t\t\t\t\t\t\t\t\t<p>Kaheosaline raamat \u00dclo vanaisast ja uued lood \u00dclost endast vanaisa rollis<\/p>\t\t\t\t\t\t\t\t<\/div>\n\t\t\t\t<\/div>\n\t\t<div class=\"elementor-element elementor-element-20136766 e-flex e-con-boxed e-con e-child\" data-id=\"20136766\" data-element_type=\"container\">\n\t\t\t\t\t<div class=\"e-con-inner\">\n\t\t\t\t<div class=\"elementor-element elementor-element-58307bbd elementor-widget elementor-widget-button\" data-id=\"58307bbd\" data-element_type=\"widget\" data-widget_type=\"button.default\">\n\t\t\t\t<div class=\"elementor-widget-container\">\n\t\t\t\t\t\t\t\t\t<div class=\"elementor-button-wrapper\">\n\t\t\t\t\t<a class=\"elementor-button elementor-button-link elementor-size-sm\" href=\"https:\/\/vooglaid.org\/toode\/vanaisa-uued-lood\/\">\n\t\t\t\t\t\t<span class=\"elementor-button-content-wrapper\">\n\t\t\t\t\t\t\t\t\t<span class=\"elementor-button-text\">\u0417\u0430\u043c\u043e\u0432\u0438\u0442\u0438<\/span>\n\t\t\t\t\t<\/span>\n\t\t\t\t\t<\/a>\n\t\t\t\t<\/div>\n\t\t\t\t\t\t\t\t<\/div>\n\t\t\t\t<\/div>\n\t\t\t\t\t<\/div>\n\t\t\t\t<\/div>\n\t\t\t\t\t<\/div>\n\t\t\t\t<\/div>\n\t\t\t\t<\/div>\n\t\t<div class=\"elementor-element elementor-element-ee4906f e-con-full e-flex e-con e-child\" data-id=\"ee4906f\" data-element_type=\"container\">\n\t\t\t\t<div class=\"elementor-element elementor-element-4999373 elementor-widget__width-initial elementor-widget elementor-widget-image\" data-id=\"4999373\" data-element_type=\"widget\" data-widget_type=\"image.default\">\n\t\t\t\t<div class=\"elementor-widget-container\">\n\t\t\t\t\t\t\t\t\t\t\t\t\t\t\t<img decoding=\"async\" width=\"459\" height=\"674\" src=\"https:\/\/vooglaid.org\/wp-content\/uploads\/2022\/10\/paliturka.jpg\" class=\"attachment-large size-large wp-image-3776\" alt=\"\" srcset=\"https:\/\/vooglaid.org\/wp-content\/uploads\/2022\/10\/paliturka.jpg 459w, https:\/\/vooglaid.org\/wp-content\/uploads\/2022\/10\/paliturka-204x300.jpg 204w\" sizes=\"(max-width: 459px) 100vw, 459px\" \/>\t\t\t\t\t\t\t\t\t\t\t\t\t\t\t<\/div>\n\t\t\t\t<\/div>\n\t\t<div class=\"elementor-element elementor-element-dbc726b e-flex e-con-boxed e-con e-child\" data-id=\"dbc726b\" data-element_type=\"container\">\n\t\t\t\t\t<div class=\"e-con-inner\">\n\t\t\t\t<div class=\"elementor-element elementor-element-2edb82f elementor-widget elementor-widget-heading\" data-id=\"2edb82f\" data-element_type=\"widget\" data-widget_type=\"heading.default\">\n\t\t\t\t<div class=\"elementor-widget-container\">\n\t\t\t\t\t<h2 class=\"elementor-heading-title elementor-size-default\">\u041c\u0438\u0441\u043b\u0438\u0442\u0438 \u044f\u043a \u0433\u0440\u043e\u043c\u0430\u0434\u044f\u043d\u0438\u043d (2019)<\/h2>\t\t\t\t<\/div>\n\t\t\t\t<\/div>\n\t\t\t\t<div class=\"elementor-element elementor-element-8907f9f elementor-widget elementor-widget-text-editor\" data-id=\"8907f9f\" data-element_type=\"widget\" data-widget_type=\"text-editor.default\">\n\t\t\t\t<div class=\"elementor-widget-container\">\n\t\t\t\t\t\t\t\t\t\u041d\u0430\u0432\u0447\u0430\u043b\u044c\u043d\u0438\u0439 \u043f\u043e\u0441\u0456\u0431\u043d\u0438\u043a\t\t\t\t\t\t\t\t<\/div>\n\t\t\t\t<\/div>\n\t\t<div class=\"elementor-element elementor-element-d9f486f e-flex e-con-boxed e-con e-child\" data-id=\"d9f486f\" data-element_type=\"container\">\n\t\t\t\t\t<div class=\"e-con-inner\">\n\t\t\t\t<div class=\"elementor-element elementor-element-591bbc7 elementor-widget elementor-widget-button\" data-id=\"591bbc7\" data-element_type=\"widget\" data-widget_type=\"button.default\">\n\t\t\t\t<div class=\"elementor-widget-container\">\n\t\t\t\t\t\t\t\t\t<div class=\"elementor-button-wrapper\">\n\t\t\t\t\t<a class=\"elementor-button elementor-button-link elementor-size-sm\" href=\"https:\/\/vooglaid.org\/uk\/toode\/myslyty-yak-hromadyanyn\/\">\n\t\t\t\t\t\t<span class=\"elementor-button-content-wrapper\">\n\t\t\t\t\t\t\t\t\t<span class=\"elementor-button-text\">\u0417\u0430\u043c\u043e\u0432\u0438\u0442\u0438<\/span>\n\t\t\t\t\t<\/span>\n\t\t\t\t\t<\/a>\n\t\t\t\t<\/div>\n\t\t\t\t\t\t\t\t<\/div>\n\t\t\t\t<\/div>\n\t\t\t\t<div class=\"elementor-element elementor-element-074dbab elementor-widget elementor-widget-button\" data-id=\"074dbab\" data-element_type=\"widget\" data-widget_type=\"button.default\">\n\t\t\t\t<div class=\"elementor-widget-container\">\n\t\t\t\t\t\t\t\t\t<div class=\"elementor-button-wrapper\">\n\t\t\t\t\t<a class=\"elementor-button elementor-button-link elementor-size-sm\" href=\"https:\/\/vooglaid.org\/uk\/knyhy\/myslyty-yak-hromadyanyn\/\">\n\t\t\t\t\t\t<span class=\"elementor-button-content-wrapper\">\n\t\t\t\t\t\t\t\t\t<span class=\"elementor-button-text\">\u0427\u0438\u0442\u0430\u0442\u0438<\/span>\n\t\t\t\t\t<\/span>\n\t\t\t\t\t<\/a>\n\t\t\t\t<\/div>\n\t\t\t\t\t\t\t\t<\/div>\n\t\t\t\t<\/div>\n\t\t\t\t\t<\/div>\n\t\t\t\t<\/div>\n\t\t\t\t\t<\/div>\n\t\t\t\t<\/div>\n\t\t\t\t<\/div>\n\t\t<div class=\"elementor-element elementor-element-233cfb78 e-con-full e-flex e-con e-child\" data-id=\"233cfb78\" data-element_type=\"container\">\n\t\t\t\t<div class=\"elementor-element elementor-element-2ea4da95 elementor-widget__width-initial elementor-widget elementor-widget-image\" data-id=\"2ea4da95\" data-element_type=\"widget\" data-widget_type=\"image.default\">\n\t\t\t\t<div class=\"elementor-widget-container\">\n\t\t\t\t\t\t\t\t\t\t\t\t\t\t\t<img decoding=\"async\" width=\"737\" height=\"1024\" src=\"https:\/\/vooglaid.org\/wp-content\/uploads\/2019\/07\/Kaas-eesti-keeles-737x1024.jpg\" class=\"attachment-large size-large wp-image-3917\" alt=\"\" srcset=\"https:\/\/vooglaid.org\/wp-content\/uploads\/2019\/07\/Kaas-eesti-keeles-737x1024.jpg 737w, https:\/\/vooglaid.org\/wp-content\/uploads\/2019\/07\/Kaas-eesti-keeles-600x834.jpg 600w, https:\/\/vooglaid.org\/wp-content\/uploads\/2019\/07\/Kaas-eesti-keeles-216x300.jpg 216w, https:\/\/vooglaid.org\/wp-content\/uploads\/2019\/07\/Kaas-eesti-keeles-768x1067.jpg 768w, https:\/\/vooglaid.org\/wp-content\/uploads\/2019\/07\/Kaas-eesti-keeles.jpg 853w\" sizes=\"(max-width: 737px) 100vw, 737px\" \/>\t\t\t\t\t\t\t\t\t\t\t\t\t\t\t<\/div>\n\t\t\t\t<\/div>\n\t\t<div class=\"elementor-element elementor-element-20e78dc6 e-flex e-con-boxed e-con e-child\" data-id=\"20e78dc6\" data-element_type=\"container\">\n\t\t\t\t\t<div class=\"e-con-inner\">\n\t\t\t\t<div class=\"elementor-element elementor-element-f3b61a7 elementor-widget elementor-widget-heading\" data-id=\"f3b61a7\" data-element_type=\"widget\" data-widget_type=\"heading.default\">\n\t\t\t\t<div class=\"elementor-widget-container\">\n\t\t\t\t\t<h2 class=\"elementor-heading-title elementor-size-default\">Elanikust kodanikuks (2019)<\/h2>\t\t\t\t<\/div>\n\t\t\t\t<\/div>\n\t\t\t\t<div class=\"elementor-element elementor-element-3a33efe8 elementor-widget elementor-widget-text-editor\" data-id=\"3a33efe8\" data-element_type=\"widget\" data-widget_type=\"text-editor.default\">\n\t\t\t\t<div class=\"elementor-widget-container\">\n\t\t\t\t\t\t\t\t\t<p>K\u00e4siraamat isem\u00f5tlejale<\/p>\t\t\t\t\t\t\t\t<\/div>\n\t\t\t\t<\/div>\n\t\t<div class=\"elementor-element elementor-element-235163f e-flex e-con-boxed e-con e-child\" data-id=\"235163f\" data-element_type=\"container\">\n\t\t\t\t\t<div class=\"e-con-inner\">\n\t\t\t\t<div class=\"elementor-element elementor-element-5e8c63fb elementor-widget elementor-widget-button\" data-id=\"5e8c63fb\" data-element_type=\"widget\" data-widget_type=\"button.default\">\n\t\t\t\t<div class=\"elementor-widget-container\">\n\t\t\t\t\t\t\t\t\t<div class=\"elementor-button-wrapper\">\n\t\t\t\t\t<a class=\"elementor-button elementor-button-link elementor-size-sm\" href=\"https:\/\/vooglaid.org\/toode\/elanikust-kodanikuks\/\">\n\t\t\t\t\t\t<span class=\"elementor-button-content-wrapper\">\n\t\t\t\t\t\t\t\t\t<span class=\"elementor-button-text\">Telli raamat<\/span>\n\t\t\t\t\t<\/span>\n\t\t\t\t\t<\/a>\n\t\t\t\t<\/div>\n\t\t\t\t\t\t\t\t<\/div>\n\t\t\t\t<\/div>\n\t\t\t\t<div class=\"elementor-element elementor-element-469d6124 elementor-widget elementor-widget-button\" data-id=\"469d6124\" data-element_type=\"widget\" data-widget_type=\"button.default\">\n\t\t\t\t<div class=\"elementor-widget-container\">\n\t\t\t\t\t\t\t\t\t<div class=\"elementor-button-wrapper\">\n\t\t\t\t\t<a class=\"elementor-button elementor-button-link elementor-size-sm\" href=\"https:\/\/vooglaid.org\/raamatud\/elanikust-kodanikuks\/\">\n\t\t\t\t\t\t<span class=\"elementor-button-content-wrapper\">\n\t\t\t\t\t\t\t\t\t<span class=\"elementor-button-text\">Loe<\/span>\n\t\t\t\t\t<\/span>\n\t\t\t\t\t<\/a>\n\t\t\t\t<\/div>\n\t\t\t\t\t\t\t\t<\/div>\n\t\t\t\t<\/div>\n\t\t\t\t\t<\/div>\n\t\t\t\t<\/div>\n\t\t\t\t\t<\/div>\n\t\t\t\t<\/div>\n\t\t\t\t<\/div>\n\t\t<div class=\"elementor-element elementor-element-244401d e-con-full e-flex e-con e-child\" data-id=\"244401d\" data-element_type=\"container\">\n\t\t\t\t<div class=\"elementor-element elementor-element-4f5c1de elementor-widget__width-initial elementor-widget elementor-widget-image\" data-id=\"4f5c1de\" data-element_type=\"widget\" data-widget_type=\"image.default\">\n\t\t\t\t<div class=\"elementor-widget-container\">\n\t\t\t\t\t\t\t\t\t\t\t\t\t\t\t<img loading=\"lazy\" decoding=\"async\" width=\"517\" height=\"923\" src=\"https:\/\/vooglaid.org\/wp-content\/uploads\/2018\/05\/s\u00f5na-on-j\u00f5ud.jpg\" class=\"attachment-large size-large wp-image-3912\" alt=\"\" srcset=\"https:\/\/vooglaid.org\/wp-content\/uploads\/2018\/05\/s\u00f5na-on-j\u00f5ud.jpg 517w, https:\/\/vooglaid.org\/wp-content\/uploads\/2018\/05\/s\u00f5na-on-j\u00f5ud-168x300.jpg 168w\" sizes=\"(max-width: 517px) 100vw, 517px\" \/>\t\t\t\t\t\t\t\t\t\t\t\t\t\t\t<\/div>\n\t\t\t\t<\/div>\n\t\t<div class=\"elementor-element elementor-element-6036583c e-flex e-con-boxed e-con e-child\" data-id=\"6036583c\" data-element_type=\"container\">\n\t\t\t\t\t<div class=\"e-con-inner\">\n\t\t\t\t<div class=\"elementor-element elementor-element-9493164 elementor-widget elementor-widget-heading\" data-id=\"9493164\" data-element_type=\"widget\" data-widget_type=\"heading.default\">\n\t\t\t\t<div class=\"elementor-widget-container\">\n\t\t\t\t\t<h2 class=\"elementor-heading-title elementor-size-default\">S\u00f5na on j\u00f5ud (2018)<\/h2>\t\t\t\t<\/div>\n\t\t\t\t<\/div>\n\t\t\t\t<div class=\"elementor-element elementor-element-686c5d77 elementor-widget elementor-widget-text-editor\" data-id=\"686c5d77\" data-element_type=\"widget\" data-widget_type=\"text-editor.default\">\n\t\t\t\t<div class=\"elementor-widget-container\">\n\t\t\t\t\t\t\t\t\t<p>Raadio \u00d6\u00f6\u00fclikoolis peetud loengud 2001 &#8211; 2017<\/p>\t\t\t\t\t\t\t\t<\/div>\n\t\t\t\t<\/div>\n\t\t<div class=\"elementor-element elementor-element-637231d3 e-flex e-con-boxed e-con e-child\" data-id=\"637231d3\" data-element_type=\"container\">\n\t\t\t\t\t<div class=\"e-con-inner\">\n\t\t\t\t<div class=\"elementor-element elementor-element-37fe98ba elementor-widget elementor-widget-button\" data-id=\"37fe98ba\" data-element_type=\"widget\" data-widget_type=\"button.default\">\n\t\t\t\t<div class=\"elementor-widget-container\">\n\t\t\t\t\t\t\t\t\t<div class=\"elementor-button-wrapper\">\n\t\t\t\t\t<a class=\"elementor-button elementor-button-link elementor-size-sm\" href=\"https:\/\/sejsraamatud.ee\/ulo-vooglaid\">\n\t\t\t\t\t\t<span class=\"elementor-button-content-wrapper\">\n\t\t\t\t\t\t\t\t\t<span class=\"elementor-button-text\">Kirjastus SE &amp; JS<\/span>\n\t\t\t\t\t<\/span>\n\t\t\t\t\t<\/a>\n\t\t\t\t<\/div>\n\t\t\t\t\t\t\t\t<\/div>\n\t\t\t\t<\/div>\n\t\t\t\t\t<\/div>\n\t\t\t\t<\/div>\n\t\t\t\t\t<\/div>\n\t\t\t\t<\/div>\n\t\t\t\t<\/div>\n\t\t<div class=\"elementor-element elementor-element-41d992de e-con-full e-flex e-con e-child\" data-id=\"41d992de\" data-element_type=\"container\">\n\t\t\t\t<div class=\"elementor-element elementor-element-63cc3c65 elementor-widget__width-initial elementor-widget elementor-widget-image\" data-id=\"63cc3c65\" data-element_type=\"widget\" data-widget_type=\"image.default\">\n\t\t\t\t<div class=\"elementor-widget-container\">\n\t\t\t\t\t\t\t\t\t\t\t\t\t\t\t<img loading=\"lazy\" decoding=\"async\" width=\"560\" height=\"927\" src=\"https:\/\/vooglaid.org\/wp-content\/uploads\/2018\/05\/AegVaim.jpg\" class=\"attachment-large size-large wp-image-3913\" alt=\"\" srcset=\"https:\/\/vooglaid.org\/wp-content\/uploads\/2018\/05\/AegVaim.jpg 560w, https:\/\/vooglaid.org\/wp-content\/uploads\/2018\/05\/AegVaim-181x300.jpg 181w\" sizes=\"(max-width: 560px) 100vw, 560px\" \/>\t\t\t\t\t\t\t\t\t\t\t\t\t\t\t<\/div>\n\t\t\t\t<\/div>\n\t\t<div class=\"elementor-element elementor-element-35f154ff e-flex e-con-boxed e-con e-child\" data-id=\"35f154ff\" data-element_type=\"container\">\n\t\t\t\t\t<div class=\"e-con-inner\">\n\t\t\t\t<div class=\"elementor-element elementor-element-73e8ab elementor-widget elementor-widget-heading\" data-id=\"73e8ab\" data-element_type=\"widget\" data-widget_type=\"heading.default\">\n\t\t\t\t<div class=\"elementor-widget-container\">\n\t\t\t\t\t<h2 class=\"elementor-heading-title elementor-size-default\">Aeg &amp; Vaim (2015)<\/h2>\t\t\t\t<\/div>\n\t\t\t\t<\/div>\n\t\t\t\t<div class=\"elementor-element elementor-element-5e59c0 elementor-widget elementor-widget-text-editor\" data-id=\"5e59c0\" data-element_type=\"widget\" data-widget_type=\"text-editor.default\">\n\t\t\t\t<div class=\"elementor-widget-container\">\n\t\t\t\t\t\t\t\t\t<p>M\u00f5tteid, arutlusi, esseid<\/p>\t\t\t\t\t\t\t\t<\/div>\n\t\t\t\t<\/div>\n\t\t<div class=\"elementor-element elementor-element-51f007dd e-flex e-con-boxed e-con e-child\" data-id=\"51f007dd\" data-element_type=\"container\">\n\t\t\t\t\t<div class=\"e-con-inner\">\n\t\t\t\t\t<\/div>\n\t\t\t\t<\/div>\n\t\t\t\t\t<\/div>\n\t\t\t\t<\/div>\n\t\t\t\t<\/div>\n\t\t<div class=\"elementor-element elementor-element-2114b23c e-con-full e-flex e-con e-child\" data-id=\"2114b23c\" data-element_type=\"container\">\n\t\t\t\t<div class=\"elementor-element elementor-element-b4527c5 elementor-widget__width-initial elementor-widget elementor-widget-image\" data-id=\"b4527c5\" data-element_type=\"widget\" data-widget_type=\"image.default\">\n\t\t\t\t<div class=\"elementor-widget-container\">\n\t\t\t\t\t\t\t\t\t\t\t\t\t\t\t<img loading=\"lazy\" decoding=\"async\" width=\"250\" height=\"300\" src=\"https:\/\/vooglaid.org\/wp-content\/uploads\/2019\/02\/vanaisa.jpg\" class=\"attachment-large size-large wp-image-3914\" alt=\"\" \/>\t\t\t\t\t\t\t\t\t\t\t\t\t\t\t<\/div>\n\t\t\t\t<\/div>\n\t\t<div class=\"elementor-element elementor-element-25e0ad7b e-flex e-con-boxed e-con e-child\" data-id=\"25e0ad7b\" data-element_type=\"container\">\n\t\t\t\t\t<div class=\"e-con-inner\">\n\t\t\t\t<div class=\"elementor-element elementor-element-104b8823 elementor-widget elementor-widget-heading\" data-id=\"104b8823\" data-element_type=\"widget\" data-widget_type=\"heading.default\">\n\t\t\t\t<div class=\"elementor-widget-container\">\n\t\t\t\t\t<h2 class=\"elementor-heading-title elementor-size-default\">Vanaisa (2011)<\/h2>\t\t\t\t<\/div>\n\t\t\t\t<\/div>\n\t\t\t\t<div class=\"elementor-element elementor-element-150af4a4 elementor-widget elementor-widget-text-editor\" data-id=\"150af4a4\" data-element_type=\"widget\" data-widget_type=\"text-editor.default\">\n\t\t\t\t<div class=\"elementor-widget-container\">\n\t\t\t\t\t\t\t\t\t<p>M\u00e4lestusi \u00dclo lapsep\u00f5lvest<\/p>\t\t\t\t\t\t\t\t<\/div>\n\t\t\t\t<\/div>\n\t\t<div class=\"elementor-element elementor-element-482439c5 e-flex e-con-boxed e-con e-child\" data-id=\"482439c5\" data-element_type=\"container\">\n\t\t\t\t\t<div class=\"e-con-inner\">\n\t\t\t\t<div class=\"elementor-element elementor-element-6ed4af02 elementor-widget elementor-widget-button\" data-id=\"6ed4af02\" data-element_type=\"widget\" data-widget_type=\"button.default\">\n\t\t\t\t<div class=\"elementor-widget-container\">\n\t\t\t\t\t\t\t\t\t<div class=\"elementor-button-wrapper\">\n\t\t\t\t\t<a class=\"elementor-button elementor-button-link elementor-size-sm\" href=\"https:\/\/kasvatus.print.ee\/product\/vanaisa\/\">\n\t\t\t\t\t\t<span class=\"elementor-button-content-wrapper\">\n\t\t\t\t\t\t\t\t\t<span class=\"elementor-button-text\">V\u00e4ike Vanker<\/span>\n\t\t\t\t\t<\/span>\n\t\t\t\t\t<\/a>\n\t\t\t\t<\/div>\n\t\t\t\t\t\t\t\t<\/div>\n\t\t\t\t<\/div>\n\t\t\t\t\t<\/div>\n\t\t\t\t<\/div>\n\t\t\t\t\t<\/div>\n\t\t\t\t<\/div>\n\t\t\t\t<\/div>\n\t\t<div class=\"elementor-element elementor-element-3d9dfa50 e-con-full e-flex e-con e-child\" data-id=\"3d9dfa50\" data-element_type=\"container\">\n\t\t\t\t<div class=\"elementor-element elementor-element-70e72107 elementor-widget__width-initial elementor-widget elementor-widget-image\" data-id=\"70e72107\" data-element_type=\"widget\" data-widget_type=\"image.default\">\n\t\t\t\t<div class=\"elementor-widget-container\">\n\t\t\t\t\t\t\t\t\t\t\t\t\t\t\t<img loading=\"lazy\" decoding=\"async\" width=\"197\" height=\"275\" src=\"https:\/\/vooglaid.org\/wp-content\/uploads\/2019\/10\/Lastekodu-kui-kasvukeskkond.jpg\" class=\"attachment-large size-large wp-image-3919\" alt=\"\" \/>\t\t\t\t\t\t\t\t\t\t\t\t\t\t\t<\/div>\n\t\t\t\t<\/div>\n\t\t<div class=\"elementor-element elementor-element-2eaa672d e-flex e-con-boxed e-con e-child\" data-id=\"2eaa672d\" data-element_type=\"container\">\n\t\t\t\t\t<div class=\"e-con-inner\">\n\t\t\t\t<div class=\"elementor-element elementor-element-3d7d6672 elementor-widget elementor-widget-heading\" data-id=\"3d7d6672\" data-element_type=\"widget\" data-widget_type=\"heading.default\">\n\t\t\t\t<div class=\"elementor-widget-container\">\n\t\t\t\t\t<h2 class=\"elementor-heading-title elementor-size-default\">Lastekodu kui kasvukeskkond (1999)<\/h2>\t\t\t\t<\/div>\n\t\t\t\t<\/div>\n\t\t\t\t<div class=\"elementor-element elementor-element-21122097 elementor-widget elementor-widget-text-editor\" data-id=\"21122097\" data-element_type=\"widget\" data-widget_type=\"text-editor.default\">\n\t\t\t\t<div class=\"elementor-widget-container\">\n\t\t\t\t\t\t\t\t\t<p>Harjutusi ja \u00fclesandeid lastekodu kasvatajatele ja juhatajatele<\/p>\t\t\t\t\t\t\t\t<\/div>\n\t\t\t\t<\/div>\n\t\t\t\t\t<\/div>\n\t\t\t\t<\/div>\n\t\t\t\t<\/div>\n\t\t<div class=\"elementor-element elementor-element-127189a6 e-con-full e-flex e-con e-child\" data-id=\"127189a6\" data-element_type=\"container\">\n\t\t\t\t<div class=\"elementor-element elementor-element-6b770db elementor-widget__width-initial elementor-widget elementor-widget-image\" data-id=\"6b770db\" data-element_type=\"widget\" data-widget_type=\"image.default\">\n\t\t\t\t<div class=\"elementor-widget-container\">\n\t\t\t\t\t\t\t\t\t\t\t\t\t\t\t<img loading=\"lazy\" decoding=\"async\" width=\"400\" height=\"600\" src=\"https:\/\/vooglaid.org\/wp-content\/uploads\/2019\/10\/juhtimissusteemide-morfoloogia.jpg\" class=\"attachment-large size-large wp-image-3920\" alt=\"\" srcset=\"https:\/\/vooglaid.org\/wp-content\/uploads\/2019\/10\/juhtimissusteemide-morfoloogia.jpg 400w, https:\/\/vooglaid.org\/wp-content\/uploads\/2019\/10\/juhtimissusteemide-morfoloogia-200x300.jpg 200w\" sizes=\"(max-width: 400px) 100vw, 400px\" \/>\t\t\t\t\t\t\t\t\t\t\t\t\t\t\t<\/div>\n\t\t\t\t<\/div>\n\t\t<div class=\"elementor-element elementor-element-3f2b54d5 e-flex e-con-boxed e-con e-child\" data-id=\"3f2b54d5\" data-element_type=\"container\">\n\t\t\t\t\t<div class=\"e-con-inner\">\n\t\t\t\t<div class=\"elementor-element elementor-element-5b2795bb elementor-widget elementor-widget-heading\" data-id=\"5b2795bb\" data-element_type=\"widget\" data-widget_type=\"heading.default\">\n\t\t\t\t<div class=\"elementor-widget-container\">\n\t\t\t\t\t<h2 class=\"elementor-heading-title elementor-size-default\">Juhtimiss\u00fcsteemide morfoloogia ja dialektika (1986)<\/h2>\t\t\t\t<\/div>\n\t\t\t\t<\/div>\n\t\t\t\t<div class=\"elementor-element elementor-element-2837874 elementor-widget elementor-widget-text-editor\" data-id=\"2837874\" data-element_type=\"widget\" data-widget_type=\"text-editor.default\">\n\t\t\t\t<div class=\"elementor-widget-container\">\n\t\t\t\t\t\t\t\t\t<p>Harjutusi ja \u00fclesandeid lastekodu kasvatajatele ja juhatajatele<\/p>\t\t\t\t\t\t\t\t<\/div>\n\t\t\t\t<\/div>\n\t\t<div class=\"elementor-element elementor-element-27a39a29 e-flex e-con-boxed e-con e-child\" data-id=\"27a39a29\" data-element_type=\"container\">\n\t\t\t\t\t<div class=\"e-con-inner\">\n\t\t\t\t\t<\/div>\n\t\t\t\t<\/div>\n\t\t\t\t\t<\/div>\n\t\t\t\t<\/div>\n\t\t\t\t<\/div>\n\t\t\t\t\t<\/div>\n\t\t\t\t<\/div>\n\t\t\t\t<\/div>\n\t\t","protected":false},"excerpt":{"rendered":"<p>Vanaisa uued lood (2025) Kaheosaline raamat \u00dclo vanaisast ja uued lood \u00dclost endast vanaisa rollis \u0417\u0430\u043c\u043e\u0432\u0438\u0442\u0438 \u041c\u0438\u0441\u043b\u0438\u0442\u0438 \u044f\u043a \u0433\u0440\u043e\u043c\u0430\u0434\u044f\u043d\u0438\u043d (2019) \u041d\u0430\u0432\u0447\u0430\u043b\u044c\u043d\u0438\u0439 \u043f\u043e\u0441\u0456\u0431\u043d\u0438\u043a \u0417\u0430\u043c\u043e\u0432\u0438\u0442\u0438 \u0427\u0438\u0442\u0430\u0442\u0438 Elanikust kodanikuks (2019) K\u00e4siraamat isem\u00f5tlejale Telli raamat Loe S\u00f5na on j\u00f5ud (2018) Raadio \u00d6\u00f6\u00fclikoolis peetud loengud 2001 &#8211; 2017 Kirjastus SE &amp; JS Aeg &amp; Vaim (2015) M\u00f5tteid, arutlusi, esseid Vanaisa [&hellip;]<\/p>\n","protected":false},"author":3,"featured_media":0,"parent":0,"menu_order":30,"comment_status":"closed","ping_status":"closed","template":"","meta":{"footnotes":""},"class_list":["post-3911","page","type-page","status-publish","hentry"],"_links":{"self":[{"href":"https:\/\/vooglaid.org\/uk\/wp-json\/wp\/v2\/pages\/3911","targetHints":{"allow":["GET"]}}],"collection":[{"href":"https:\/\/vooglaid.org\/uk\/wp-json\/wp\/v2\/pages"}],"about":[{"href":"https:\/\/vooglaid.org\/uk\/wp-json\/wp\/v2\/types\/page"}],"author":[{"embeddable":true,"href":"https:\/\/vooglaid.org\/uk\/wp-json\/wp\/v2\/users\/3"}],"replies":[{"embeddable":true,"href":"https:\/\/vooglaid.org\/uk\/wp-json\/wp\/v2\/comments?post=3911"}],"version-history":[{"count":5,"href":"https:\/\/vooglaid.org\/uk\/wp-json\/wp\/v2\/pages\/3911\/revisions"}],"predecessor-version":[{"id":8195,"href":"https:\/\/vooglaid.org\/uk\/wp-json\/wp\/v2\/pages\/3911\/revisions\/8195"}],"wp:attachment":[{"href":"https:\/\/vooglaid.org\/uk\/wp-json\/wp\/v2\/media?parent=3911"}],"curies":[{"name":"wp","href":"https:\/\/api.w.org\/{rel}","templated":true}]}}